{"id":9144,"date":"2017-06-27T19:57:38","date_gmt":"2017-06-27T19:57:38","guid":{"rendered":"https:\/\/www.destinationphotocostarica.com\/?page_id=9144\/"},"modified":"2020-07-09T10:56:29","modified_gmt":"2020-07-09T16:56:29","slug":"contacto","status":"publish","type":"page","link":"https:\/\/www.destinationphotocostarica.com\/es\/contacto\/","title":{"rendered":"Contacto"},"content":{"rendered":"\n<div class=\"section-heading animation-standby animated fadeInUp section-align-center\" style=\"width:96%;padding-top:20px;padding-bottom:20px;margin-bottom:0px;\"><h1 class=\"section-title\">Cont\u00e1cteme<\/h1><h3  class=\"section-subtitle\">Para ayudarle mejor<\/h3><div class=\"section-end\"><\/div><div class=\"section-contents clearfix\"><p>Complete sus datos de contacto y una breve descripci\u00f3n de su proyecto. Le contactaremos con una cotizaci\u00f3n lo antes posible.<\/p>\n<\/div><\/div>\n<p><h4 style=\"text-align: center;\">Mi oficina<\/h4>\n<p style=\"text-align: center;\">Costa Rica<br \/>\nTel\u00e9fono: <a class=\"uwlink\" href=\"tel:+506-8312-5991\">+506 8312 5991<\/a><br \/>\ninfo at destinationphotocostarica.com<\/p>\n<\/p>\n<div class=\"clearfix divider-common default-divider  divider-blank\" style=\"margin-top:20px;margin-bottom:20px;\"><\/div>\n\n<div class=\"wpcf7 no-js\" id=\"wpcf7-f10714-o1\" lang=\"en-US\" dir=\"ltr\" data-wpcf7-id=\"10714\">\n<div class=\"screen-reader-response\"><p role=\"status\" aria-live=\"polite\" aria-atomic=\"true\"><\/p> <ul><\/ul><\/div>\n<form action=\"\/es\/wp-json\/wp\/v2\/pages\/9144#wpcf7-f10714-o1\" method=\"post\" class=\"wpcf7-form init\" aria-label=\"Contact form\" novalidate=\"novalidate\" data-status=\"init\">\n<fieldset class=\"hidden-fields-container\"><input type=\"hidden\" name=\"_wpcf7\" value=\"10714\" \/><input type=\"hidden\" name=\"_wpcf7_version\" value=\"6.1.5\" \/><input type=\"hidden\" name=\"_wpcf7_locale\" value=\"en_US\" \/><input type=\"hidden\" name=\"_wpcf7_unit_tag\" value=\"wpcf7-f10714-o1\" \/><input type=\"hidden\" name=\"_wpcf7_container_post\" value=\"0\" \/><input type=\"hidden\" name=\"_wpcf7_posted_data_hash\" value=\"\" \/><input type=\"hidden\" name=\"_wpcf7_recaptcha_response\" value=\"\" \/>\n<\/fieldset>\n<p><label> Nombre *<br \/>\n<span class=\"wpcf7-form-control-wrap\" data-name=\"nombre\"><input size=\"40\" maxlength=\"400\" class=\"wpcf7-form-control wpcf7-text wpcf7-validates-as-required\" aria-required=\"true\" aria-invalid=\"false\" value=\"\" type=\"text\" name=\"nombre\" \/><\/span> <\/label>\n<\/p>\n<p><label> Email *<br \/>\n<span class=\"wpcf7-form-control-wrap\" data-name=\"email\"><input size=\"40\" maxlength=\"400\" class=\"wpcf7-form-control wpcf7-email wpcf7-validates-as-required wpcf7-text wpcf7-validates-as-email\" aria-required=\"true\" aria-invalid=\"false\" value=\"\" type=\"email\" name=\"email\" \/><\/span> <\/label>\n<\/p>\n<p><label> Tel\u00e9fono<br \/>\n<span class=\"wpcf7-form-control-wrap\" data-name=\"fono\"><input size=\"40\" maxlength=\"400\" class=\"wpcf7-form-control wpcf7-text\" aria-invalid=\"false\" value=\"\" type=\"text\" name=\"fono\" \/><\/span> <\/label>\n<\/p>\n<p><label> Su mensaje<br \/>\n<span class=\"wpcf7-form-control-wrap\" data-name=\"mensaje\"><textarea cols=\"40\" rows=\"4\" maxlength=\"2000\" class=\"wpcf7-form-control wpcf7-textarea wpcf7-validates-as-required\" aria-required=\"true\" aria-invalid=\"false\" name=\"mensaje\"><\/textarea><\/span> <\/label>\n<\/p>\n<p style=\"margin-top:20px\"><input class=\"wpcf7-form-control wpcf7-submit has-spinner\" type=\"submit\" value=\"Enviar\" \/>\n<\/p><div class=\"wpcf7-response-output\" aria-hidden=\"true\"><\/div>\n<\/form>\n<\/div>\n\n","protected":false},"excerpt":{"rendered":"<p>Mi oficina Costa Rica Tel\u00e9fono: +506 8312 5991 info at destinationphotocostarica.com<\/p>\n","protected":false},"author":2,"featured_media":21924,"parent":0,"menu_order":0,"comment_status":"open","ping_status":"open","template":"template-fullpage.php","meta":{"footnotes":""},"class_list":["post-9144","page","type-page","status-publish","has-post-thumbnail","hentry"],"yoast_head":"<!-- This site is optimized with the Yoast SEO plugin v27.5 - https:\/\/yoast.com\/product\/yoast-seo-wordpress\/ -->\n<title>Contacto - Cotizaciones - Destination Photo Costa Rica<\/title>\n<meta name=\"description\" content=\"P\u00f3ngase en contacto conmigo para una propuesta o cotizaci\u00f3n. Costa Rica ofrece lugares incre\u00edbles donde sus fotos har\u00e1n momentos inolvidables.\" \/>\n<meta name=\"robots\" content=\"index, follow, max-snippet:-1, max-image-preview:large, max-video-preview:-1\" \/>\n<link rel=\"canonical\" href=\"https:\/\/www.destinationphotocostarica.com\/es\/contacto\/\" \/>\n<meta property=\"og:locale\" content=\"es_ES\" \/>\n<meta property=\"og:type\" content=\"article\" \/>\n<meta property=\"og:title\" content=\"Contacto - Cotizaciones - Destination Photo Costa Rica\" \/>\n<meta property=\"og:description\" content=\"P\u00f3ngase en contacto conmigo para una propuesta o cotizaci\u00f3n. Costa Rica ofrece lugares incre\u00edbles donde sus fotos har\u00e1n momentos inolvidables.\" \/>\n<meta property=\"og:url\" content=\"https:\/\/www.destinationphotocostarica.com\/es\/contacto\/\" \/>\n<meta property=\"og:site_name\" content=\"Destination Photo Costa Rica\" \/>\n<meta property=\"article:modified_time\" content=\"2020-07-09T16:56:29+00:00\" \/>\n<meta property=\"og:image\" content=\"https:\/\/www.destinationphotocostarica.com\/wp-content\/uploads\/2020\/07\/AnaLuEnElMar_Contact.jpg\" \/>\n\t<meta property=\"og:image:width\" content=\"1400\" \/>\n\t<meta property=\"og:image:height\" content=\"2100\" \/>\n\t<meta property=\"og:image:type\" content=\"image\/jpeg\" \/>\n<meta name=\"twitter:card\" content=\"summary_large_image\" \/>\n<script type=\"application\/ld+json\" class=\"yoast-schema-graph\">{\"@context\":\"https:\\\/\\\/schema.org\",\"@graph\":[{\"@type\":\"WebPage\",\"@id\":\"https:\\\/\\\/www.destinationphotocostarica.com\\\/es\\\/contacto\\\/\",\"url\":\"https:\\\/\\\/www.destinationphotocostarica.com\\\/es\\\/contacto\\\/\",\"name\":\"Contacto - Cotizaciones - Destination Photo Costa Rica\",\"isPartOf\":{\"@id\":\"https:\\\/\\\/www.destinationphotocostarica.com\\\/es\\\/#website\"},\"primaryImageOfPage\":{\"@id\":\"https:\\\/\\\/www.destinationphotocostarica.com\\\/es\\\/contacto\\\/#primaryimage\"},\"image\":{\"@id\":\"https:\\\/\\\/www.destinationphotocostarica.com\\\/es\\\/contacto\\\/#primaryimage\"},\"thumbnailUrl\":\"https:\\\/\\\/www.destinationphotocostarica.com\\\/wp-content\\\/uploads\\\/2020\\\/07\\\/AnaLuEnElMar_Contact.jpg\",\"datePublished\":\"2017-06-27T19:57:38+00:00\",\"dateModified\":\"2020-07-09T16:56:29+00:00\",\"description\":\"P\u00f3ngase en contacto conmigo para una propuesta o cotizaci\u00f3n. Costa Rica ofrece lugares incre\u00edbles donde sus fotos har\u00e1n momentos inolvidables.\",\"breadcrumb\":{\"@id\":\"https:\\\/\\\/www.destinationphotocostarica.com\\\/es\\\/contacto\\\/#breadcrumb\"},\"inLanguage\":\"es\",\"potentialAction\":[{\"@type\":\"ReadAction\",\"target\":[\"https:\\\/\\\/www.destinationphotocostarica.com\\\/es\\\/contacto\\\/\"]}]},{\"@type\":\"ImageObject\",\"inLanguage\":\"es\",\"@id\":\"https:\\\/\\\/www.destinationphotocostarica.com\\\/es\\\/contacto\\\/#primaryimage\",\"url\":\"https:\\\/\\\/www.destinationphotocostarica.com\\\/wp-content\\\/uploads\\\/2020\\\/07\\\/AnaLuEnElMar_Contact.jpg\",\"contentUrl\":\"https:\\\/\\\/www.destinationphotocostarica.com\\\/wp-content\\\/uploads\\\/2020\\\/07\\\/AnaLuEnElMar_Contact.jpg\",\"width\":1400,\"height\":2100,\"caption\":\"Contacte a Ana Luc\u00eda\"},{\"@type\":\"BreadcrumbList\",\"@id\":\"https:\\\/\\\/www.destinationphotocostarica.com\\\/es\\\/contacto\\\/#breadcrumb\",\"itemListElement\":[{\"@type\":\"ListItem\",\"position\":1,\"name\":\"Home\",\"item\":\"https:\\\/\\\/www.destinationphotocostarica.com\\\/es\\\/\"},{\"@type\":\"ListItem\",\"position\":2,\"name\":\"Contacto\"}]},{\"@type\":\"WebSite\",\"@id\":\"https:\\\/\\\/www.destinationphotocostarica.com\\\/es\\\/#website\",\"url\":\"https:\\\/\\\/www.destinationphotocostarica.com\\\/es\\\/\",\"name\":\"Destination Photo Costa Rica\",\"description\":\"Destination Photography in Costa Rica\",\"publisher\":{\"@id\":\"https:\\\/\\\/www.destinationphotocostarica.com\\\/es\\\/#\\\/schema\\\/person\\\/0b2f5d59b45e9d8cdaaa5ffd8a72bb53\"},\"alternateName\":\"Destination Photography Costa Rica\",\"potentialAction\":[{\"@type\":\"SearchAction\",\"target\":{\"@type\":\"EntryPoint\",\"urlTemplate\":\"https:\\\/\\\/www.destinationphotocostarica.com\\\/es\\\/?s={search_term_string}\"},\"query-input\":{\"@type\":\"PropertyValueSpecification\",\"valueRequired\":true,\"valueName\":\"search_term_string\"}}],\"inLanguage\":\"es\"},{\"@type\":[\"Person\",\"Organization\"],\"@id\":\"https:\\\/\\\/www.destinationphotocostarica.com\\\/es\\\/#\\\/schema\\\/person\\\/0b2f5d59b45e9d8cdaaa5ffd8a72bb53\",\"name\":\"Ana Luc\u00eda Rodr\u00edguez Tinoco\",\"image\":{\"@type\":\"ImageObject\",\"inLanguage\":\"es\",\"@id\":\"https:\\\/\\\/www.destinationphotocostarica.com\\\/wp-content\\\/uploads\\\/2015\\\/02\\\/profileALRT-1.jpg\",\"url\":\"https:\\\/\\\/www.destinationphotocostarica.com\\\/wp-content\\\/uploads\\\/2015\\\/02\\\/profileALRT-1.jpg\",\"contentUrl\":\"https:\\\/\\\/www.destinationphotocostarica.com\\\/wp-content\\\/uploads\\\/2015\\\/02\\\/profileALRT-1.jpg\",\"width\":345,\"height\":345,\"caption\":\"Ana Luc\u00eda Rodr\u00edguez Tinoco\"},\"logo\":{\"@id\":\"https:\\\/\\\/www.destinationphotocostarica.com\\\/wp-content\\\/uploads\\\/2015\\\/02\\\/profileALRT-1.jpg\"}}]}<\/script>\n<!-- \/ Yoast SEO plugin. -->","yoast_head_json":{"title":"Contacto - Cotizaciones - Destination Photo Costa Rica","description":"P\u00f3ngase en contacto conmigo para una propuesta o cotizaci\u00f3n. Costa Rica ofrece lugares incre\u00edbles donde sus fotos har\u00e1n momentos inolvidables.","robots":{"index":"index","follow":"follow","max-snippet":"max-snippet:-1","max-image-preview":"max-image-preview:large","max-video-preview":"max-video-preview:-1"},"canonical":"https:\/\/www.destinationphotocostarica.com\/es\/contacto\/","og_locale":"es_ES","og_type":"article","og_title":"Contacto - Cotizaciones - Destination Photo Costa Rica","og_description":"P\u00f3ngase en contacto conmigo para una propuesta o cotizaci\u00f3n. Costa Rica ofrece lugares incre\u00edbles donde sus fotos har\u00e1n momentos inolvidables.","og_url":"https:\/\/www.destinationphotocostarica.com\/es\/contacto\/","og_site_name":"Destination Photo Costa Rica","article_modified_time":"2020-07-09T16:56:29+00:00","og_image":[{"width":1400,"height":2100,"url":"https:\/\/www.destinationphotocostarica.com\/wp-content\/uploads\/2020\/07\/AnaLuEnElMar_Contact.jpg","type":"image\/jpeg"}],"twitter_card":"summary_large_image","schema":{"@context":"https:\/\/schema.org","@graph":[{"@type":"WebPage","@id":"https:\/\/www.destinationphotocostarica.com\/es\/contacto\/","url":"https:\/\/www.destinationphotocostarica.com\/es\/contacto\/","name":"Contacto - Cotizaciones - Destination Photo Costa Rica","isPartOf":{"@id":"https:\/\/www.destinationphotocostarica.com\/es\/#website"},"primaryImageOfPage":{"@id":"https:\/\/www.destinationphotocostarica.com\/es\/contacto\/#primaryimage"},"image":{"@id":"https:\/\/www.destinationphotocostarica.com\/es\/contacto\/#primaryimage"},"thumbnailUrl":"https:\/\/www.destinationphotocostarica.com\/wp-content\/uploads\/2020\/07\/AnaLuEnElMar_Contact.jpg","datePublished":"2017-06-27T19:57:38+00:00","dateModified":"2020-07-09T16:56:29+00:00","description":"P\u00f3ngase en contacto conmigo para una propuesta o cotizaci\u00f3n. Costa Rica ofrece lugares incre\u00edbles donde sus fotos har\u00e1n momentos inolvidables.","breadcrumb":{"@id":"https:\/\/www.destinationphotocostarica.com\/es\/contacto\/#breadcrumb"},"inLanguage":"es","potentialAction":[{"@type":"ReadAction","target":["https:\/\/www.destinationphotocostarica.com\/es\/contacto\/"]}]},{"@type":"ImageObject","inLanguage":"es","@id":"https:\/\/www.destinationphotocostarica.com\/es\/contacto\/#primaryimage","url":"https:\/\/www.destinationphotocostarica.com\/wp-content\/uploads\/2020\/07\/AnaLuEnElMar_Contact.jpg","contentUrl":"https:\/\/www.destinationphotocostarica.com\/wp-content\/uploads\/2020\/07\/AnaLuEnElMar_Contact.jpg","width":1400,"height":2100,"caption":"Contacte a Ana Luc\u00eda"},{"@type":"BreadcrumbList","@id":"https:\/\/www.destinationphotocostarica.com\/es\/contacto\/#breadcrumb","itemListElement":[{"@type":"ListItem","position":1,"name":"Home","item":"https:\/\/www.destinationphotocostarica.com\/es\/"},{"@type":"ListItem","position":2,"name":"Contacto"}]},{"@type":"WebSite","@id":"https:\/\/www.destinationphotocostarica.com\/es\/#website","url":"https:\/\/www.destinationphotocostarica.com\/es\/","name":"Destination Photo Costa Rica","description":"Destination Photography in Costa Rica","publisher":{"@id":"https:\/\/www.destinationphotocostarica.com\/es\/#\/schema\/person\/0b2f5d59b45e9d8cdaaa5ffd8a72bb53"},"alternateName":"Destination Photography Costa Rica","potentialAction":[{"@type":"SearchAction","target":{"@type":"EntryPoint","urlTemplate":"https:\/\/www.destinationphotocostarica.com\/es\/?s={search_term_string}"},"query-input":{"@type":"PropertyValueSpecification","valueRequired":true,"valueName":"search_term_string"}}],"inLanguage":"es"},{"@type":["Person","Organization"],"@id":"https:\/\/www.destinationphotocostarica.com\/es\/#\/schema\/person\/0b2f5d59b45e9d8cdaaa5ffd8a72bb53","name":"Ana Luc\u00eda Rodr\u00edguez Tinoco","image":{"@type":"ImageObject","inLanguage":"es","@id":"https:\/\/www.destinationphotocostarica.com\/wp-content\/uploads\/2015\/02\/profileALRT-1.jpg","url":"https:\/\/www.destinationphotocostarica.com\/wp-content\/uploads\/2015\/02\/profileALRT-1.jpg","contentUrl":"https:\/\/www.destinationphotocostarica.com\/wp-content\/uploads\/2015\/02\/profileALRT-1.jpg","width":345,"height":345,"caption":"Ana Luc\u00eda Rodr\u00edguez Tinoco"},"logo":{"@id":"https:\/\/www.destinationphotocostarica.com\/wp-content\/uploads\/2015\/02\/profileALRT-1.jpg"}}]}},"_links":{"self":[{"href":"https:\/\/www.destinationphotocostarica.com\/es\/wp-json\/wp\/v2\/pages\/9144","targetHints":{"allow":["GET"]}}],"collection":[{"href":"https:\/\/www.destinationphotocostarica.com\/es\/wp-json\/wp\/v2\/pages"}],"about":[{"href":"https:\/\/www.destinationphotocostarica.com\/es\/wp-json\/wp\/v2\/types\/page"}],"author":[{"embeddable":true,"href":"https:\/\/www.destinationphotocostarica.com\/es\/wp-json\/wp\/v2\/users\/2"}],"replies":[{"embeddable":true,"href":"https:\/\/www.destinationphotocostarica.com\/es\/wp-json\/wp\/v2\/comments?post=9144"}],"version-history":[{"count":2,"href":"https:\/\/www.destinationphotocostarica.com\/es\/wp-json\/wp\/v2\/pages\/9144\/revisions"}],"predecessor-version":[{"id":21927,"href":"https:\/\/www.destinationphotocostarica.com\/es\/wp-json\/wp\/v2\/pages\/9144\/revisions\/21927"}],"wp:featuredmedia":[{"embeddable":true,"href":"https:\/\/www.destinationphotocostarica.com\/es\/wp-json\/wp\/v2\/media\/21924"}],"wp:attachment":[{"href":"https:\/\/www.destinationphotocostarica.com\/es\/wp-json\/wp\/v2\/media?parent=9144"}],"curies":[{"name":"wp","href":"https:\/\/api.w.org\/{rel}","templated":true}]}}