{"id":9163,"date":"2017-06-27T22:38:43","date_gmt":"2017-06-27T22:38:43","guid":{"rendered":"https:\/\/www.destinationphotocostarica.com\/?page_id=9163\/"},"modified":"2023-03-02T22:44:48","modified_gmt":"2023-03-03T04:44:48","slug":"acerca-de-ana-lucia-rodriguez-tinoco","status":"publish","type":"page","link":"https:\/\/www.destinationphotocostarica.com\/es\/acerca-de-ana-lucia-rodriguez-tinoco\/","title":{"rendered":"Acerca de m\u00ed"},"content":{"rendered":"\n<div class=\"section-heading animation-standby animated fadeInLeft section-align-center\" style=\"padding-top:200px;padding-bottom:230px;margin-bottom:60px;\"><h1 style=\"color:#ffffff;\" class=\"section-title\">Ana Luc\u00eda Rodr\u00edguez Tinoco<\/h1><h3 style=\"color:#ffffff;\" class=\"section-subtitle\">FOT\u00d3GRAFA PROFESIONAL<\/h3><div class=\"section-end\"><\/div><\/div>\n<p><p>Ana Luc\u00eda es fot\u00f3grafa profesional con m\u00e1s de 10 a\u00f1os de experiencia. Ella documenta su evento, corporativo o familiar, mediante una cobertura detallada que nos cuenta una historia.<\/p>\n<p>Su estilo se caracteriza al capturar experiencias y momentos joviales de manera casual y espont\u00e1nea, sin poses, una sesi\u00f3n de retrato mas bien parece un paseo familiar un d\u00eda de vacaciones.<\/p>\n<p>Explorar est\u00e1 siempre presente: ya sea en tierra o bajo el agua. Por esa raz\u00f3n, sus especialidad mas destacadas son estilo de vida y su pasi\u00f3n: foto submarina.<\/p>\n<\/p>\n<p><p>En un pa\u00eds tan exuberante como Costa Rica, tenemos miles de opciones a lo largo del territorio nacional, as\u00ed que la sesi\u00f3n fotogr\u00e1fica se convierte en una expedici\u00f3n al para\u00edso. Como fot\u00f3grafa de destinos buscar crear experiencias retratando al sujeto en locaciones magnificas (playas de arena blanca, manglares, r\u00edos, cataratas\u2026 etc)<\/p>\n<p>Algunos de sus clientes son: PNUD, ICT, marcas de vestido de ba\u00f1o como as Dkoko Surfwear, Sed de Mar Bikinis, Maaji Swimwear.<\/p>\n<\/p>\n<div class=\"single-image-block animation-standby animated fadeInDown\" style=\"padding-top:0;padding-bottom:0;text-align:center;\"><img decoding=\"async\" src=\"http:\/\/www.destinationphotocostarica.com\/wp-content\/uploads\/2015\/02\/profileALRT-1.jpg\" alt=\"\u00a9 Ana Luc\u00eda Rodr\u00edguez Tinoco\" loading=\"lazy\" \/><\/div>\n<div class=\"section-heading animation-standby animated fadeInUp section-align-center\" style=\"width:60%;padding-top:30px;padding-bottom:;margin-bottom:px;\"><h2 class=\"section-title\">Otros trabajos<\/h2><div class=\"section-end\"><\/div><div class=\"section-contents clearfix\"><p>Imagen corporativa para empresas de Consultor\u00eda Educativa como EPL (Einstein Prep & Learning), y Consultor\u00eda de Negocios como Coach in a box.<\/p>\n<p>Imagen de Hospitalidad para hoteles como Cayuga Collection Luxury Sustainable Hotels.<\/p>\n<\/div><\/div>\n<div class=\"callout-wrap animation-standby animated fadeInUp calltype- clearfix\"><div class=\"callout clearfix\"><div class=\"first-half\"><h2 class=\"callout-title\">Safari fotogr\u00e1fico en Costa Rica<\/h2><div class=\"callout-desc\"><\/p>\n<h4>Buscando los mejores lugares para fotografiar paisajes submarinos, vida silvestre y escenarios naturales me ha hecho especialista en viajes. Perm\u00edtame ayudarle a planificar su viaje a Costa Rica y adem\u00e1s documentar ese momento especial.<\/h4>\n<p>\n<\/div><\/div><div class=\"second-half\"><div class=\"callout-button\"><div class=\"button-shortcode button-shortcode-6a046abf63a33\"><a href=\"\/es\/contacto\/\" ><div class=\"mtheme-button animation-standby animated pulse\">m\u00e1s<\/div><\/a><\/div><style>.button-shortcode-6a046abf63a33 .mtheme-button:after { background-color: #000000; }.button-shortcode-6a046abf63a33 .mtheme-button { border-color: #000000; color: #000000; }<\/style><\/div><\/div><\/div><\/div>\n<div class=\"clearfix divider-common default-divider  divider-blank\" style=\"margin-top:10px;margin-bottom:10px;\"><\/div>\n","protected":false},"excerpt":{"rendered":"<p>Ana Luc\u00eda es fot\u00f3grafa profesional con m\u00e1s de 10 a\u00f1os de experiencia. Ella documenta su evento, corporativo o familiar, mediante una cobertura detallada que nos cuenta una historia. Su estilo se caracteriza al capturar experiencias y momentos joviales de manera casual y espont\u00e1nea, sin poses, una sesi\u00f3n de retrato mas bien parece un paseo familiar un d\u00eda de vacaciones. Explorar est\u00e1 siempre presente: ya sea en tierra o bajo el agua. Por esa raz\u00f3n, sus especialidad mas destacadas son estilo [&hellip;]<\/p>\n","protected":false},"author":2,"featured_media":22525,"parent":0,"menu_order":0,"comment_status":"open","ping_status":"open","template":"template-fullpage.php","meta":{"footnotes":""},"class_list":["post-9163","page","type-page","status-publish","has-post-thumbnail","hentry"],"yoast_head":"<!-- This site is optimized with the Yoast SEO plugin v27.6 - https:\/\/yoast.com\/product\/yoast-seo-wordpress\/ -->\n<title>Acerca de m\u00ed - Destination Photo Costa Rica<\/title>\n<meta name=\"robots\" content=\"index, follow, max-snippet:-1, max-image-preview:large, max-video-preview:-1\" \/>\n<link rel=\"canonical\" href=\"https:\/\/www.destinationphotocostarica.com\/es\/acerca-de-ana-lucia-rodriguez-tinoco\/\" \/>\n<meta property=\"og:locale\" content=\"es_ES\" \/>\n<meta property=\"og:type\" content=\"article\" \/>\n<meta property=\"og:title\" content=\"Acerca de m\u00ed - Destination Photo Costa Rica\" \/>\n<meta property=\"og:description\" content=\"Ana Luc\u00eda es fot\u00f3grafa profesional con m\u00e1s de 10 a\u00f1os de experiencia. Ella documenta su evento, corporativo o familiar, mediante una cobertura detallada que nos cuenta una historia. Su estilo se caracteriza al capturar experiencias y momentos joviales de manera casual y espont\u00e1nea, sin poses, una sesi\u00f3n de retrato mas bien parece un paseo familiar un d\u00eda de vacaciones. Explorar est\u00e1 siempre presente: ya sea en tierra o bajo el agua. Por esa raz\u00f3n, sus especialidad mas destacadas son estilo [&hellip;]\" \/>\n<meta property=\"og:url\" content=\"https:\/\/www.destinationphotocostarica.com\/es\/acerca-de-ana-lucia-rodriguez-tinoco\/\" \/>\n<meta property=\"og:site_name\" content=\"Destination Photo Costa Rica\" \/>\n<meta property=\"article:modified_time\" content=\"2023-03-03T04:44:48+00:00\" \/>\n<meta property=\"og:image\" content=\"https:\/\/www.destinationphotocostarica.com\/wp-content\/uploads\/2023\/03\/AnaLuFeb2023_3125.jpg\" \/>\n\t<meta property=\"og:image:width\" content=\"1400\" \/>\n\t<meta property=\"og:image:height\" content=\"933\" \/>\n\t<meta property=\"og:image:type\" content=\"image\/jpeg\" \/>\n<meta name=\"twitter:card\" content=\"summary_large_image\" \/>\n<meta name=\"twitter:label1\" content=\"Tiempo de lectura\" \/>\n\t<meta name=\"twitter:data1\" content=\"2 minutos\" \/>\n<script type=\"application\/ld+json\" class=\"yoast-schema-graph\">{\"@context\":\"https:\\\/\\\/schema.org\",\"@graph\":[{\"@type\":\"WebPage\",\"@id\":\"https:\\\/\\\/www.destinationphotocostarica.com\\\/es\\\/acerca-de-ana-lucia-rodriguez-tinoco\\\/\",\"url\":\"https:\\\/\\\/www.destinationphotocostarica.com\\\/es\\\/acerca-de-ana-lucia-rodriguez-tinoco\\\/\",\"name\":\"Acerca de m\u00ed - Destination Photo Costa Rica\",\"isPartOf\":{\"@id\":\"https:\\\/\\\/www.destinationphotocostarica.com\\\/es\\\/#website\"},\"primaryImageOfPage\":{\"@id\":\"https:\\\/\\\/www.destinationphotocostarica.com\\\/es\\\/acerca-de-ana-lucia-rodriguez-tinoco\\\/#primaryimage\"},\"image\":{\"@id\":\"https:\\\/\\\/www.destinationphotocostarica.com\\\/es\\\/acerca-de-ana-lucia-rodriguez-tinoco\\\/#primaryimage\"},\"thumbnailUrl\":\"https:\\\/\\\/www.destinationphotocostarica.com\\\/wp-content\\\/uploads\\\/2023\\\/03\\\/AnaLuFeb2023_3125.jpg\",\"datePublished\":\"2017-06-27T22:38:43+00:00\",\"dateModified\":\"2023-03-03T04:44:48+00:00\",\"breadcrumb\":{\"@id\":\"https:\\\/\\\/www.destinationphotocostarica.com\\\/es\\\/acerca-de-ana-lucia-rodriguez-tinoco\\\/#breadcrumb\"},\"inLanguage\":\"es\",\"potentialAction\":[{\"@type\":\"ReadAction\",\"target\":[\"https:\\\/\\\/www.destinationphotocostarica.com\\\/es\\\/acerca-de-ana-lucia-rodriguez-tinoco\\\/\"]}]},{\"@type\":\"ImageObject\",\"inLanguage\":\"es\",\"@id\":\"https:\\\/\\\/www.destinationphotocostarica.com\\\/es\\\/acerca-de-ana-lucia-rodriguez-tinoco\\\/#primaryimage\",\"url\":\"https:\\\/\\\/www.destinationphotocostarica.com\\\/wp-content\\\/uploads\\\/2023\\\/03\\\/AnaLuFeb2023_3125.jpg\",\"contentUrl\":\"https:\\\/\\\/www.destinationphotocostarica.com\\\/wp-content\\\/uploads\\\/2023\\\/03\\\/AnaLuFeb2023_3125.jpg\",\"width\":1400,\"height\":933,\"caption\":\"about Ana Luc\u00eda Rodr\u00edguez Tinoco\"},{\"@type\":\"BreadcrumbList\",\"@id\":\"https:\\\/\\\/www.destinationphotocostarica.com\\\/es\\\/acerca-de-ana-lucia-rodriguez-tinoco\\\/#breadcrumb\",\"itemListElement\":[{\"@type\":\"ListItem\",\"position\":1,\"name\":\"Home\",\"item\":\"https:\\\/\\\/www.destinationphotocostarica.com\\\/es\\\/\"},{\"@type\":\"ListItem\",\"position\":2,\"name\":\"Acerca de m\u00ed\"}]},{\"@type\":\"WebSite\",\"@id\":\"https:\\\/\\\/www.destinationphotocostarica.com\\\/es\\\/#website\",\"url\":\"https:\\\/\\\/www.destinationphotocostarica.com\\\/es\\\/\",\"name\":\"Destination Photo Costa Rica\",\"description\":\"Destination Photography in Costa Rica\",\"publisher\":{\"@id\":\"https:\\\/\\\/www.destinationphotocostarica.com\\\/es\\\/#\\\/schema\\\/person\\\/0b2f5d59b45e9d8cdaaa5ffd8a72bb53\"},\"alternateName\":\"Destination Photography Costa Rica\",\"potentialAction\":[{\"@type\":\"SearchAction\",\"target\":{\"@type\":\"EntryPoint\",\"urlTemplate\":\"https:\\\/\\\/www.destinationphotocostarica.com\\\/es\\\/?s={search_term_string}\"},\"query-input\":{\"@type\":\"PropertyValueSpecification\",\"valueRequired\":true,\"valueName\":\"search_term_string\"}}],\"inLanguage\":\"es\"},{\"@type\":[\"Person\",\"Organization\"],\"@id\":\"https:\\\/\\\/www.destinationphotocostarica.com\\\/es\\\/#\\\/schema\\\/person\\\/0b2f5d59b45e9d8cdaaa5ffd8a72bb53\",\"name\":\"Ana Luc\u00eda Rodr\u00edguez Tinoco\",\"image\":{\"@type\":\"ImageObject\",\"inLanguage\":\"es\",\"@id\":\"https:\\\/\\\/www.destinationphotocostarica.com\\\/wp-content\\\/uploads\\\/2015\\\/02\\\/profileALRT-1.jpg\",\"url\":\"https:\\\/\\\/www.destinationphotocostarica.com\\\/wp-content\\\/uploads\\\/2015\\\/02\\\/profileALRT-1.jpg\",\"contentUrl\":\"https:\\\/\\\/www.destinationphotocostarica.com\\\/wp-content\\\/uploads\\\/2015\\\/02\\\/profileALRT-1.jpg\",\"width\":345,\"height\":345,\"caption\":\"Ana Luc\u00eda Rodr\u00edguez Tinoco\"},\"logo\":{\"@id\":\"https:\\\/\\\/www.destinationphotocostarica.com\\\/wp-content\\\/uploads\\\/2015\\\/02\\\/profileALRT-1.jpg\"}}]}<\/script>\n<!-- \/ Yoast SEO plugin. -->","yoast_head_json":{"title":"Acerca de m\u00ed - Destination Photo Costa Rica","robots":{"index":"index","follow":"follow","max-snippet":"max-snippet:-1","max-image-preview":"max-image-preview:large","max-video-preview":"max-video-preview:-1"},"canonical":"https:\/\/www.destinationphotocostarica.com\/es\/acerca-de-ana-lucia-rodriguez-tinoco\/","og_locale":"es_ES","og_type":"article","og_title":"Acerca de m\u00ed - Destination Photo Costa Rica","og_description":"Ana Luc\u00eda es fot\u00f3grafa profesional con m\u00e1s de 10 a\u00f1os de experiencia. Ella documenta su evento, corporativo o familiar, mediante una cobertura detallada que nos cuenta una historia. Su estilo se caracteriza al capturar experiencias y momentos joviales de manera casual y espont\u00e1nea, sin poses, una sesi\u00f3n de retrato mas bien parece un paseo familiar un d\u00eda de vacaciones. Explorar est\u00e1 siempre presente: ya sea en tierra o bajo el agua. Por esa raz\u00f3n, sus especialidad mas destacadas son estilo [&hellip;]","og_url":"https:\/\/www.destinationphotocostarica.com\/es\/acerca-de-ana-lucia-rodriguez-tinoco\/","og_site_name":"Destination Photo Costa Rica","article_modified_time":"2023-03-03T04:44:48+00:00","og_image":[{"width":1400,"height":933,"url":"https:\/\/www.destinationphotocostarica.com\/wp-content\/uploads\/2023\/03\/AnaLuFeb2023_3125.jpg","type":"image\/jpeg"}],"twitter_card":"summary_large_image","twitter_misc":{"Tiempo de lectura":"2 minutos"},"schema":{"@context":"https:\/\/schema.org","@graph":[{"@type":"WebPage","@id":"https:\/\/www.destinationphotocostarica.com\/es\/acerca-de-ana-lucia-rodriguez-tinoco\/","url":"https:\/\/www.destinationphotocostarica.com\/es\/acerca-de-ana-lucia-rodriguez-tinoco\/","name":"Acerca de m\u00ed - Destination Photo Costa Rica","isPartOf":{"@id":"https:\/\/www.destinationphotocostarica.com\/es\/#website"},"primaryImageOfPage":{"@id":"https:\/\/www.destinationphotocostarica.com\/es\/acerca-de-ana-lucia-rodriguez-tinoco\/#primaryimage"},"image":{"@id":"https:\/\/www.destinationphotocostarica.com\/es\/acerca-de-ana-lucia-rodriguez-tinoco\/#primaryimage"},"thumbnailUrl":"https:\/\/www.destinationphotocostarica.com\/wp-content\/uploads\/2023\/03\/AnaLuFeb2023_3125.jpg","datePublished":"2017-06-27T22:38:43+00:00","dateModified":"2023-03-03T04:44:48+00:00","breadcrumb":{"@id":"https:\/\/www.destinationphotocostarica.com\/es\/acerca-de-ana-lucia-rodriguez-tinoco\/#breadcrumb"},"inLanguage":"es","potentialAction":[{"@type":"ReadAction","target":["https:\/\/www.destinationphotocostarica.com\/es\/acerca-de-ana-lucia-rodriguez-tinoco\/"]}]},{"@type":"ImageObject","inLanguage":"es","@id":"https:\/\/www.destinationphotocostarica.com\/es\/acerca-de-ana-lucia-rodriguez-tinoco\/#primaryimage","url":"https:\/\/www.destinationphotocostarica.com\/wp-content\/uploads\/2023\/03\/AnaLuFeb2023_3125.jpg","contentUrl":"https:\/\/www.destinationphotocostarica.com\/wp-content\/uploads\/2023\/03\/AnaLuFeb2023_3125.jpg","width":1400,"height":933,"caption":"about Ana Luc\u00eda Rodr\u00edguez Tinoco"},{"@type":"BreadcrumbList","@id":"https:\/\/www.destinationphotocostarica.com\/es\/acerca-de-ana-lucia-rodriguez-tinoco\/#breadcrumb","itemListElement":[{"@type":"ListItem","position":1,"name":"Home","item":"https:\/\/www.destinationphotocostarica.com\/es\/"},{"@type":"ListItem","position":2,"name":"Acerca de m\u00ed"}]},{"@type":"WebSite","@id":"https:\/\/www.destinationphotocostarica.com\/es\/#website","url":"https:\/\/www.destinationphotocostarica.com\/es\/","name":"Destination Photo Costa Rica","description":"Destination Photography in Costa Rica","publisher":{"@id":"https:\/\/www.destinationphotocostarica.com\/es\/#\/schema\/person\/0b2f5d59b45e9d8cdaaa5ffd8a72bb53"},"alternateName":"Destination Photography Costa Rica","potentialAction":[{"@type":"SearchAction","target":{"@type":"EntryPoint","urlTemplate":"https:\/\/www.destinationphotocostarica.com\/es\/?s={search_term_string}"},"query-input":{"@type":"PropertyValueSpecification","valueRequired":true,"valueName":"search_term_string"}}],"inLanguage":"es"},{"@type":["Person","Organization"],"@id":"https:\/\/www.destinationphotocostarica.com\/es\/#\/schema\/person\/0b2f5d59b45e9d8cdaaa5ffd8a72bb53","name":"Ana Luc\u00eda Rodr\u00edguez Tinoco","image":{"@type":"ImageObject","inLanguage":"es","@id":"https:\/\/www.destinationphotocostarica.com\/wp-content\/uploads\/2015\/02\/profileALRT-1.jpg","url":"https:\/\/www.destinationphotocostarica.com\/wp-content\/uploads\/2015\/02\/profileALRT-1.jpg","contentUrl":"https:\/\/www.destinationphotocostarica.com\/wp-content\/uploads\/2015\/02\/profileALRT-1.jpg","width":345,"height":345,"caption":"Ana Luc\u00eda Rodr\u00edguez Tinoco"},"logo":{"@id":"https:\/\/www.destinationphotocostarica.com\/wp-content\/uploads\/2015\/02\/profileALRT-1.jpg"}}]}},"_links":{"self":[{"href":"https:\/\/www.destinationphotocostarica.com\/es\/wp-json\/wp\/v2\/pages\/9163","targetHints":{"allow":["GET"]}}],"collection":[{"href":"https:\/\/www.destinationphotocostarica.com\/es\/wp-json\/wp\/v2\/pages"}],"about":[{"href":"https:\/\/www.destinationphotocostarica.com\/es\/wp-json\/wp\/v2\/types\/page"}],"author":[{"embeddable":true,"href":"https:\/\/www.destinationphotocostarica.com\/es\/wp-json\/wp\/v2\/users\/2"}],"replies":[{"embeddable":true,"href":"https:\/\/www.destinationphotocostarica.com\/es\/wp-json\/wp\/v2\/comments?post=9163"}],"version-history":[{"count":5,"href":"https:\/\/www.destinationphotocostarica.com\/es\/wp-json\/wp\/v2\/pages\/9163\/revisions"}],"predecessor-version":[{"id":22596,"href":"https:\/\/www.destinationphotocostarica.com\/es\/wp-json\/wp\/v2\/pages\/9163\/revisions\/22596"}],"wp:featuredmedia":[{"embeddable":true,"href":"https:\/\/www.destinationphotocostarica.com\/es\/wp-json\/wp\/v2\/media\/22525"}],"wp:attachment":[{"href":"https:\/\/www.destinationphotocostarica.com\/es\/wp-json\/wp\/v2\/media?parent=9163"}],"curies":[{"name":"wp","href":"https:\/\/api.w.org\/{rel}","templated":true}]}}